{"id":12,"date":"2025-05-25T20:16:39","date_gmt":"2025-05-25T18:16:39","guid":{"rendered":"http:\/\/esprittrailvincennes.fr\/?page_id=12"},"modified":"2025-07-19T22:08:17","modified_gmt":"2025-07-19T20:08:17","slug":"nos-partenaires","status":"publish","type":"page","link":"https:\/\/esprittrailvincennes.fr\/index.php\/nos-partenaires\/","title":{"rendered":"Nos partenaires"},"content":{"rendered":"\t\t<div data-elementor-type=\"wp-page\" data-elementor-id=\"12\" class=\"elementor elementor-12\">\n\t\t\t\t<div class=\"elementor-element elementor-element-c4a0ee2 e-flex e-con-boxed e-con e-parent\" data-id=\"c4a0ee2\" data-element_type=\"container\">\n\t\t\t\t\t<div class=\"e-con-inner\">\n\t\t\t\t<div class=\"elementor-element elementor-element-2014339 elementor-widget elementor-widget-heading\" data-id=\"2014339\" data-element_type=\"widget\" data-widget_type=\"heading.default\">\n\t\t\t\t<div class=\"elementor-widget-container\">\n\t\t\t\t\t<h2 class=\"elementor-heading-title elementor-size-default\">Nos Partenaires majeurs<\/h2>\t\t\t\t<\/div>\n\t\t\t\t<\/div>\n\t\t\t\t\t<\/div>\n\t\t\t\t<\/div>\n\t\t<div class=\"elementor-element elementor-element-3d73ff6 e-grid e-con-boxed e-con e-parent\" data-id=\"3d73ff6\" data-element_type=\"container\">\n\t\t\t\t\t<div class=\"e-con-inner\">\n\t\t\t\t<div class=\"elementor-element elementor-element-e15b4c5 elementor-widget elementor-widget-image\" data-id=\"e15b4c5\" data-element_type=\"widget\" data-widget_type=\"image.default\">\n\t\t\t\t<div class=\"elementor-widget-container\">\n\t\t\t\t\t\t\t\t\t\t\t\t\t\t\t<img decoding=\"async\" width=\"300\" height=\"91\" src=\"https:\/\/esprittrailvincennes.fr\/wp-content\/uploads\/2025\/07\/team-outdoor-logo-1745443813-300x91.jpg\" class=\"attachment-medium size-medium wp-image-227\" alt=\"\" srcset=\"https:\/\/esprittrailvincennes.fr\/wp-content\/uploads\/2025\/07\/team-outdoor-logo-1745443813-300x91.jpg 300w, https:\/\/esprittrailvincennes.fr\/wp-content\/uploads\/2025\/07\/team-outdoor-logo-1745443813-768x232.jpg 768w, https:\/\/esprittrailvincennes.fr\/wp-content\/uploads\/2025\/07\/team-outdoor-logo-1745443813.jpg 800w\" sizes=\"(max-width: 300px) 100vw, 300px\" \/>\t\t\t\t\t\t\t\t\t\t\t\t\t\t\t<\/div>\n\t\t\t\t<\/div>\n\t\t\t\t<div class=\"elementor-element elementor-element-950fac0 elementor-widget elementor-widget-text-editor\" data-id=\"950fac0\" data-element_type=\"widget\" data-widget_type=\"text-editor.default\">\n\t\t\t\t<div class=\"elementor-widget-container\">\n\t\t\t\t\t\t\t\t\t<h1 dir=\"ltr\">Team Outdoor<\/h1><p dir=\"ltr\">Magasin sp\u00e9cialiste des sports d&rsquo;ext\u00e9rieurs : trail, course \u00e0 pied, triathlon, &#8230;<\/p><p dir=\"ltr\">Une \u00e9quipe impliqu\u00e9e et toujours de tr\u00e8s bon conseil.<\/p><p dir=\"ltr\"><a href=\"https:\/\/www.team-outdoor.fr\">https:\/\/www.team-outdoor.fr<\/a><\/p><p dir=\"ltr\"><a href=\"https:\/\/www.facebook.com\/teamoutdoor\/?locale=fr_FR\">Page Facebook Team Outdoor<\/a><\/p><p><span class=\"JpCtJf\"><span class=\"DkEaL\">2 Pl. Edouard Renard<\/span><\/span><\/p><p><span class=\"JpCtJf\"><span class=\"DkEaL\">75012 Paris<\/span><\/span><\/p><p>01 43 40 62 39<\/p>\t\t\t\t\t\t\t\t<\/div>\n\t\t\t\t<\/div>\n\t\t\t\t<div class=\"elementor-element elementor-element-6329451 elementor-widget elementor-widget-image\" data-id=\"6329451\" data-element_type=\"widget\" data-widget_type=\"image.default\">\n\t\t\t\t<div class=\"elementor-widget-container\">\n\t\t\t\t\t\t\t\t\t\t\t\t\t\t\t<img decoding=\"async\" width=\"250\" height=\"95\" src=\"https:\/\/esprittrailvincennes.fr\/wp-content\/uploads\/2025\/05\/Properties-V.jpg\" class=\"attachment-medium size-medium wp-image-163\" alt=\"\" \/>\t\t\t\t\t\t\t\t\t\t\t\t\t\t\t<\/div>\n\t\t\t\t<\/div>\n\t\t\t\t<div class=\"elementor-element elementor-element-5c4152e elementor-widget elementor-widget-text-editor\" data-id=\"5c4152e\" data-element_type=\"widget\" data-widget_type=\"text-editor.default\">\n\t\t\t\t<div class=\"elementor-widget-container\">\n\t\t\t\t\t\t\t\t\t<h1 dir=\"ltr\">Properties V<\/h1><p dir=\"ltr\">Passionn\u00e9s par l\u2019immobilier de caract\u00e8re : Maisons avec jardin, appartements avec terrasse, dernier \u00e9tage, charme de l\u2019ancien ou atypique, principalement autour du bois de Vincennes, \u00e0 proximit\u00e9 des \u00e9coles et des transports, ainsi que sur Paris Est.\u00a0<\/p><p>7 rue Saulpic 94300 Vincennes<br \/>01 49 77 49 77<br \/><a href=\"mailto:contact@properties-v.com\">contact@properties-v.com<\/a><\/p>\t\t\t\t\t\t\t\t<\/div>\n\t\t\t\t<\/div>\n\t\t\t\t<div class=\"elementor-element elementor-element-ee1a67a elementor-widget elementor-widget-image\" data-id=\"ee1a67a\" data-element_type=\"widget\" data-widget_type=\"image.default\">\n\t\t\t\t<div class=\"elementor-widget-container\">\n\t\t\t\t\t\t\t\t\t\t\t\t\t\t\t<img fetchpriority=\"high\" decoding=\"async\" width=\"300\" height=\"200\" src=\"https:\/\/esprittrailvincennes.fr\/wp-content\/uploads\/2025\/05\/Logo-FFA-Nouveau-logo-FFA-1-300x200.jpg\" class=\"attachment-medium size-medium wp-image-165\" alt=\"\" srcset=\"https:\/\/esprittrailvincennes.fr\/wp-content\/uploads\/2025\/05\/Logo-FFA-Nouveau-logo-FFA-1-300x200.jpg 300w, https:\/\/esprittrailvincennes.fr\/wp-content\/uploads\/2025\/05\/Logo-FFA-Nouveau-logo-FFA-1.jpg 700w\" sizes=\"(max-width: 300px) 100vw, 300px\" \/>\t\t\t\t\t\t\t\t\t\t\t\t\t\t\t<\/div>\n\t\t\t\t<\/div>\n\t\t\t\t<div class=\"elementor-element elementor-element-6a89e12 elementor-widget elementor-widget-text-editor\" data-id=\"6a89e12\" data-element_type=\"widget\" data-widget_type=\"text-editor.default\">\n\t\t\t\t<div class=\"elementor-widget-container\">\n\t\t\t\t\t\t\t\t\t<h1>F\u00e9d\u00e9ration Fran\u00e7aise d&rsquo;Athl\u00e9tisme<\/h1><p><a href=\"https:\/\/www.athle.fr\">https:\/\/www.athle.fr<\/a><\/p>\t\t\t\t\t\t\t\t<\/div>\n\t\t\t\t<\/div>\n\t\t\t\t<div class=\"elementor-element elementor-element-cc9e519 elementor-widget elementor-widget-text-editor\" data-id=\"cc9e519\" data-element_type=\"widget\" data-widget_type=\"text-editor.default\">\n\t\t\t\t<div class=\"elementor-widget-container\">\n\t\t\t\t\t\t\t\t\t<p><img loading=\"lazy\" decoding=\"async\" class=\"alignnone size-medium wp-image-244 aligncenter\" src=\"https:\/\/esprittrailvincennes.fr\/wp-content\/uploads\/2025\/07\/Capture-300x116.jpg\" alt=\"\" width=\"300\" height=\"116\" srcset=\"https:\/\/esprittrailvincennes.fr\/wp-content\/uploads\/2025\/07\/Capture-300x116.jpg 300w, https:\/\/esprittrailvincennes.fr\/wp-content\/uploads\/2025\/07\/Capture-768x296.jpg 768w, https:\/\/esprittrailvincennes.fr\/wp-content\/uploads\/2025\/07\/Capture.jpg 899w\" sizes=\"(max-width: 300px) 100vw, 300px\" \/><\/p>\t\t\t\t\t\t\t\t<\/div>\n\t\t\t\t<\/div>\n\t\t\t\t<div class=\"elementor-element elementor-element-4922e2e elementor-widget elementor-widget-text-editor\" data-id=\"4922e2e\" data-element_type=\"widget\" data-widget_type=\"text-editor.default\">\n\t\t\t\t<div class=\"elementor-widget-container\">\n\t\t\t\t\t\t\t\t\t<h1>Ville de Vincennes<\/h1>\t\t\t\t\t\t\t\t<\/div>\n\t\t\t\t<\/div>\n\t\t<div class=\"elementor-element elementor-element-78be4c7 e-con-full e-flex e-con e-child\" data-id=\"78be4c7\" data-element_type=\"container\">\n\t\t\t\t<div class=\"elementor-element elementor-element-e5a91eb elementor-widget elementor-widget-text-editor\" data-id=\"e5a91eb\" data-element_type=\"widget\" data-widget_type=\"text-editor.default\">\n\t\t\t\t<div class=\"elementor-widget-container\">\n\t\t\t\t\t\t\t\t\t<h2>\u00a0<\/h2><h2>\u00a0<\/h2><h2>\u00a0<\/h2><h2 style=\"text-align: right;\">Autres<\/h2>\t\t\t\t\t\t\t\t<\/div>\n\t\t\t\t<\/div>\n\t\t\t\t<\/div>\n\t\t<div class=\"elementor-element elementor-element-7781823 e-con-full e-flex e-con e-child\" data-id=\"7781823\" data-element_type=\"container\">\n\t\t\t\t<div class=\"elementor-element elementor-element-16e85d9 elementor-widget elementor-widget-text-editor\" data-id=\"16e85d9\" data-element_type=\"widget\" data-widget_type=\"text-editor.default\">\n\t\t\t\t<div class=\"elementor-widget-container\">\n\t\t\t\t\t\t\t\t\t<h2>\u00a0<\/h2><h2>\u00a0<\/h2><h2>\u00a0<\/h2><h2>partenaires<\/h2>\t\t\t\t\t\t\t\t<\/div>\n\t\t\t\t<\/div>\n\t\t\t\t<\/div>\n\t\t<div class=\"elementor-element elementor-element-ca11b37 e-con-full e-flex e-con e-child\" data-id=\"ca11b37\" data-element_type=\"container\">\n\t\t\t\t<div class=\"elementor-element elementor-element-cf5090a elementor-widget elementor-widget-text-editor\" data-id=\"cf5090a\" data-element_type=\"widget\" data-widget_type=\"text-editor.default\">\n\t\t\t\t<div class=\"elementor-widget-container\">\n\t\t\t\t\t\t\t\t\t<p><img loading=\"lazy\" decoding=\"async\" class=\"alignnone size-full wp-image-238 aligncenter\" src=\"https:\/\/esprittrailvincennes.fr\/wp-content\/uploads\/2025\/07\/endurance-shop-vincennes__py14tm.png\" alt=\"\" width=\"274\" height=\"184\" \/><\/p>\t\t\t\t\t\t\t\t<\/div>\n\t\t\t\t<\/div>\n\t\t\t\t<\/div>\n\t\t\t\t<div class=\"elementor-element elementor-element-52c71bc elementor-widget elementor-widget-text-editor\" data-id=\"52c71bc\" data-element_type=\"widget\" data-widget_type=\"text-editor.default\">\n\t\t\t\t<div class=\"elementor-widget-container\">\n\t\t\t\t\t\t\t\t\t<h1>Endurance Shop Vincennes<\/h1><p>Magasin de sport<\/p><p><a href=\"https:\/\/www.facebook.com\/EnduranceShopVincennes\/?locale=fr_FR\">Page Facebook Endurance Shop Vincennes<\/a><\/p><p>42 avenue de Paris<\/p><p>94300 Vincennes<\/p><p>01 43 74 76 64<\/p>\t\t\t\t\t\t\t\t<\/div>\n\t\t\t\t<\/div>\n\t\t<div class=\"elementor-element elementor-element-8023c26 e-con-full e-flex e-con e-child\" data-id=\"8023c26\" data-element_type=\"container\">\n\t\t\t\t<div class=\"elementor-element elementor-element-9838b0b elementor-widget elementor-widget-text-editor\" data-id=\"9838b0b\" data-element_type=\"widget\" data-widget_type=\"text-editor.default\">\n\t\t\t\t<div class=\"elementor-widget-container\">\n\t\t\t\t\t\t\t\t\t<p><img loading=\"lazy\" decoding=\"async\" class=\"alignnone size-medium wp-image-242 aligncenter\" src=\"https:\/\/esprittrailvincennes.fr\/wp-content\/uploads\/2025\/07\/logo-300x300.png\" alt=\"\" width=\"300\" height=\"300\" srcset=\"https:\/\/esprittrailvincennes.fr\/wp-content\/uploads\/2025\/07\/logo-300x300.png 300w, https:\/\/esprittrailvincennes.fr\/wp-content\/uploads\/2025\/07\/logo-150x150.png 150w, https:\/\/esprittrailvincennes.fr\/wp-content\/uploads\/2025\/07\/logo-768x768.png 768w, https:\/\/esprittrailvincennes.fr\/wp-content\/uploads\/2025\/07\/logo.png 950w\" sizes=\"(max-width: 300px) 100vw, 300px\" \/><\/p>\t\t\t\t\t\t\t\t<\/div>\n\t\t\t\t<\/div>\n\t\t\t\t<\/div>\n\t\t\t\t<div class=\"elementor-element elementor-element-f8f8d96 elementor-widget elementor-widget-text-editor\" data-id=\"f8f8d96\" data-element_type=\"widget\" data-widget_type=\"text-editor.default\">\n\t\t\t\t<div class=\"elementor-widget-container\">\n\t\t\t\t\t\t\t\t\t<h1>Baouw<\/h1><p><a href=\"https:\/\/www.baouw-organic-nutrition.com\">https:\/\/www.baouw-organic-nutrition.com<\/a><\/p>\t\t\t\t\t\t\t\t<\/div>\n\t\t\t\t<\/div>\n\t\t<div class=\"elementor-element elementor-element-eb340fb e-con-full e-flex e-con e-child\" data-id=\"eb340fb\" data-element_type=\"container\">\n\t\t\t\t<div class=\"elementor-element elementor-element-61e5b2b elementor-widget elementor-widget-image\" data-id=\"61e5b2b\" data-element_type=\"widget\" data-widget_type=\"image.default\">\n\t\t\t\t<div class=\"elementor-widget-container\">\n\t\t\t\t\t\t\t\t\t\t\t\t\t\t\t<img loading=\"lazy\" decoding=\"async\" width=\"326\" height=\"57\" src=\"https:\/\/esprittrailvincennes.fr\/wp-content\/uploads\/2025\/07\/Capture-1.jpg\" class=\"attachment-large size-large wp-image-281\" alt=\"\" srcset=\"https:\/\/esprittrailvincennes.fr\/wp-content\/uploads\/2025\/07\/Capture-1.jpg 326w, https:\/\/esprittrailvincennes.fr\/wp-content\/uploads\/2025\/07\/Capture-1-300x52.jpg 300w\" sizes=\"(max-width: 326px) 100vw, 326px\" \/>\t\t\t\t\t\t\t\t\t\t\t\t\t\t\t<\/div>\n\t\t\t\t<\/div>\n\t\t\t\t<\/div>\n\t\t<div class=\"elementor-element elementor-element-bb6c2f1 e-con-full e-flex e-con e-child\" data-id=\"bb6c2f1\" data-element_type=\"container\">\n\t\t\t\t<div class=\"elementor-element elementor-element-d77741f elementor-widget elementor-widget-text-editor\" data-id=\"d77741f\" data-element_type=\"widget\" data-widget_type=\"text-editor.default\">\n\t\t\t\t<div class=\"elementor-widget-container\">\n\t\t\t\t\t\t\t\t\tBancassureur de premier plan en France, le groupe Cr\u00e9dit&nbsp;Mutuel est \ncompos\u00e9 du r\u00e9seau du Cr\u00e9dit&nbsp;Mutuel et de l\u2019ensemble de ses filiales. \nFort de plus de 87\u202f105 salari\u00e9s et 20\u202f000 administrateurs -, il met son \nexpertise des m\u00e9tiers de la finance et du service \u00e0 la disposition de \n37,8&nbsp;millions de clients, dont 34,7&nbsp;millions de particuliers.\t\t\t\t\t\t\t\t<\/div>\n\t\t\t\t<\/div>\n\t\t\t\t<\/div>\n\t\t\t\t\t<\/div>\n\t\t\t\t<\/div>\n\t\t\t\t<\/div>\n\t\t","protected":false},"excerpt":{"rendered":"<p>Nos Partenaires majeurs Team Outdoor Magasin sp\u00e9cialiste des sports d&rsquo;ext\u00e9rieurs : trail, course \u00e0 pied, triathlon, &#8230; Une \u00e9quipe impliqu\u00e9e [&hellip;]<\/p>\n","protected":false},"author":1,"featured_media":0,"parent":0,"menu_order":0,"comment_status":"closed","ping_status":"closed","template":"","meta":{"site-sidebar-layout":"no-sidebar","site-content-layout":"","ast-site-content-layout":"full-width-container","site-content-style":"default","site-sidebar-style":"default","ast-global-header-display":"","ast-banner-title-visibility":"","ast-main-header-display":"","ast-hfb-above-header-display":"","ast-hfb-below-header-display":"","ast-hfb-mobile-header-display":"","site-post-title":"disabled","ast-breadcrumbs-content":"","ast-featured-img":"disabled","footer-sml-layout":"","theme-transparent-header-meta":"","adv-header-id-meta":"","stick-header-meta":"","header-above-stick-meta":"","header-main-stick-meta":"","header-below-stick-meta":"","astra-migrate-meta-layouts":"default","ast-page-background-enabled":"default","ast-page-background-meta":{"desktop":{"background-color":"var(--ast-global-color-5)","background-image":"","background-repeat":"repeat","background-position":"center center","background-size":"auto","background-attachment":"scroll","background-type":"","background-media":"","overlay-type":"","overlay-color":"","overlay-opacity":"","overlay-gradient":""},"tablet":{"background-color":"","background-image":"","background-repeat":"repeat","background-position":"center center","background-size":"auto","background-attachment":"scroll","background-type":"","background-media":"","overlay-type":"","overlay-color":"","overlay-opacity":"","overlay-gradient":""},"mobile":{"background-color":"","background-image":"","background-repeat":"repeat","background-position":"center center","background-size":"auto","background-attachment":"scroll","background-type":"","background-media":"","overlay-type":"","overlay-color":"","overlay-opacity":"","overlay-gradient":""}},"ast-content-background-meta":{"desktop":{"background-color":"var(--ast-global-color-4)","background-image":"","background-repeat":"repeat","background-position":"center center","background-size":"auto","background-attachment":"scroll","background-type":"","background-media":"","overlay-type":"","overlay-color":"","overlay-opacity":"","overlay-gradient":""},"tablet":{"background-color":"var(--ast-global-color-4)","background-image":"","background-repeat":"repeat","background-position":"center center","background-size":"auto","background-attachment":"scroll","background-type":"","background-media":"","overlay-type":"","overlay-color":"","overlay-opacity":"","overlay-gradient":""},"mobile":{"background-color":"var(--ast-global-color-4)","background-image":"","background-repeat":"repeat","background-position":"center center","background-size":"auto","background-attachment":"scroll","background-type":"","background-media":"","overlay-type":"","overlay-color":"","overlay-opacity":"","overlay-gradient":""}},"footnotes":""},"class_list":["post-12","page","type-page","status-publish","hentry"],"_links":{"self":[{"href":"https:\/\/esprittrailvincennes.fr\/index.php\/wp-json\/wp\/v2\/pages\/12","targetHints":{"allow":["GET"]}}],"collection":[{"href":"https:\/\/esprittrailvincennes.fr\/index.php\/wp-json\/wp\/v2\/pages"}],"about":[{"href":"https:\/\/esprittrailvincennes.fr\/index.php\/wp-json\/wp\/v2\/types\/page"}],"author":[{"embeddable":true,"href":"https:\/\/esprittrailvincennes.fr\/index.php\/wp-json\/wp\/v2\/users\/1"}],"replies":[{"embeddable":true,"href":"https:\/\/esprittrailvincennes.fr\/index.php\/wp-json\/wp\/v2\/comments?post=12"}],"version-history":[{"count":28,"href":"https:\/\/esprittrailvincennes.fr\/index.php\/wp-json\/wp\/v2\/pages\/12\/revisions"}],"predecessor-version":[{"id":284,"href":"https:\/\/esprittrailvincennes.fr\/index.php\/wp-json\/wp\/v2\/pages\/12\/revisions\/284"}],"wp:attachment":[{"href":"https:\/\/esprittrailvincennes.fr\/index.php\/wp-json\/wp\/v2\/media?parent=12"}],"curies":[{"name":"wp","href":"https:\/\/api.w.org\/{rel}","templated":true}]}}